{"id":10,"date":"2025-08-04T13:34:16","date_gmt":"2025-08-04T13:34:16","guid":{"rendered":"https:\/\/xn--barmaski-kunszt-0tc.pl\/index.php\/o-mnie\/"},"modified":"2025-08-04T13:34:19","modified_gmt":"2025-08-04T13:34:19","slug":"o-mnie","status":"publish","type":"page","link":"https:\/\/xn--barmaski-kunszt-0tc.pl\/index.php\/o-mnie\/","title":{"rendered":"O mnie"},"content":{"rendered":"\t\t<div data-elementor-type=\"wp-page\" data-elementor-id=\"10\" class=\"elementor elementor-10\">\n\t\t\t\t<div class=\"elementor-element elementor-element-25570f9 e-flex e-con-boxed e-con e-parent\" data-id=\"25570f9\" data-element_type=\"container\" data-settings=\"{&quot;background_background&quot;:&quot;classic&quot;}\">\n\t\t\t\t\t<div class=\"e-con-inner\">\n\t\t<div class=\"elementor-element elementor-element-98f2b77 e-con-full e-flex e-con e-child\" data-id=\"98f2b77\" data-element_type=\"container\">\n\t\t\t\t<div class=\"elementor-element elementor-element-28df952 elementor-widget elementor-widget-heading\" data-id=\"28df952\" data-element_type=\"widget\" data-widget_type=\"heading.default\">\n\t\t\t\t\t<h2 class=\"elementor-heading-title elementor-size-default\">Odkryj moj\u0105 pasj\u0119<\/h2>\t\t\t\t<\/div>\n\t\t\t\t<\/div>\n\t\t<div class=\"elementor-element elementor-element-a427042 e-con-full e-flex e-con e-child\" data-id=\"a427042\" data-element_type=\"container\">\n\t\t\t\t<div class=\"elementor-element elementor-element-3badaf6 elementor-widget elementor-widget-text-editor\" data-id=\"3badaf6\" data-element_type=\"widget\" data-widget_type=\"text-editor.default\">\n\t\t\t\t\t\t\t\t\t<p>Witaj! Nazywam si\u0119 [Twoje Imi\u0119] i jestem w\u0142a\u015bcicielem mobilnego baru, kt\u00f3ry \u0142\u0105czy w sobie mi\u0142o\u015b\u0107 do wyj\u0105tkowych drink\u00f3w z pasj\u0105 do pysznej kawy. Moja historia zaczyna si\u0119 z ch\u0119ci\u0105 dostarczenia niezapomnianych chwil podczas r\u00f3\u017cnorodnych wydarze\u0144. Nie tylko serwuj\u0119 napoje, ale tworz\u0119 atmosfer\u0119, kt\u00f3ra sprawi, \u017ce ka\u017cdy moment b\u0119dzie wyj\u0105tkowy. Zobacz moje us\u0142ugi i odkryj, co mog\u0119 zaoferowa\u0107 na Twoim przyj\u0119ciu!<\/p>\t\t\t\t\t\t\t\t<\/div>\n\t\t\t\t<\/div>\n\t\t\t\t\t<\/div>\n\t\t\t\t<\/div>\n\t\t<div class=\"elementor-element elementor-element-2b866d2 e-flex e-con-boxed e-con e-parent\" data-id=\"2b866d2\" data-element_type=\"container\">\n\t\t\t\t\t<div class=\"e-con-inner\">\n\t\t<div class=\"elementor-element elementor-element-b2e6e26 e-grid e-con-boxed e-con e-child\" data-id=\"b2e6e26\" data-element_type=\"container\">\n\t\t\t\t\t<div class=\"e-con-inner\">\n\t\t\t\t<div class=\"elementor-element elementor-element-89fc1e0 elementor-widget elementor-widget-image\" data-id=\"89fc1e0\" data-element_type=\"widget\" data-widget_type=\"image.default\">\n\t\t\t\t\t\t\t\t\t\t\t\t\t\t\t<img fetchpriority=\"high\" decoding=\"async\" width=\"1920\" height=\"1080\" src=\"https:\/\/xn--barmaski-kunszt-0tc.pl\/wp-content\/uploads\/2025\/08\/placeholder-demo-image-640x640-1.jpg\" class=\"attachment-full size-full wp-image-19\" alt=\"\" srcset=\"https:\/\/xn--barmaski-kunszt-0tc.pl\/wp-content\/uploads\/2025\/08\/placeholder-demo-image-640x640-1.jpg 1920w, https:\/\/xn--barmaski-kunszt-0tc.pl\/wp-content\/uploads\/2025\/08\/placeholder-demo-image-640x640-1-300x169.jpg 300w, https:\/\/xn--barmaski-kunszt-0tc.pl\/wp-content\/uploads\/2025\/08\/placeholder-demo-image-640x640-1-1024x576.jpg 1024w, https:\/\/xn--barmaski-kunszt-0tc.pl\/wp-content\/uploads\/2025\/08\/placeholder-demo-image-640x640-1-768x432.jpg 768w, https:\/\/xn--barmaski-kunszt-0tc.pl\/wp-content\/uploads\/2025\/08\/placeholder-demo-image-640x640-1-1536x864.jpg 1536w\" sizes=\"(max-width: 1920px) 100vw, 1920px\" \/>\t\t\t\t\t\t\t\t\t\t\t\t\t\t\t<\/div>\n\t\t\t\t<div class=\"elementor-element elementor-element-d87166e elementor-widget elementor-widget-image\" data-id=\"d87166e\" data-element_type=\"widget\" data-widget_type=\"image.default\">\n\t\t\t\t\t\t\t\t\t\t\t\t\t\t\t<img fetchpriority=\"high\" decoding=\"async\" width=\"1920\" height=\"1080\" src=\"https:\/\/xn--barmaski-kunszt-0tc.pl\/wp-content\/uploads\/2025\/08\/placeholder-demo-image-640x640-1.jpg\" class=\"attachment-full size-full wp-image-19\" alt=\"\" srcset=\"https:\/\/xn--barmaski-kunszt-0tc.pl\/wp-content\/uploads\/2025\/08\/placeholder-demo-image-640x640-1.jpg 1920w, https:\/\/xn--barmaski-kunszt-0tc.pl\/wp-content\/uploads\/2025\/08\/placeholder-demo-image-640x640-1-300x169.jpg 300w, https:\/\/xn--barmaski-kunszt-0tc.pl\/wp-content\/uploads\/2025\/08\/placeholder-demo-image-640x640-1-1024x576.jpg 1024w, https:\/\/xn--barmaski-kunszt-0tc.pl\/wp-content\/uploads\/2025\/08\/placeholder-demo-image-640x640-1-768x432.jpg 768w, https:\/\/xn--barmaski-kunszt-0tc.pl\/wp-content\/uploads\/2025\/08\/placeholder-demo-image-640x640-1-1536x864.jpg 1536w\" sizes=\"(max-width: 1920px) 100vw, 1920px\" \/>\t\t\t\t\t\t\t\t\t\t\t\t\t\t\t<\/div>\n\t\t\t\t\t<\/div>\n\t\t\t\t<\/div>\n\t\t\t\t\t<\/div>\n\t\t\t\t<\/div>\n\t\t<div class=\"elementor-element elementor-element-6fc13b1 e-grid e-con-boxed e-con e-parent\" data-id=\"6fc13b1\" data-element_type=\"container\">\n\t\t\t\t\t<div class=\"e-con-inner\">\n\t\t<div class=\"elementor-element elementor-element-07672bd e-con-full e-flex e-con e-child\" data-id=\"07672bd\" data-element_type=\"container\" data-settings=\"{&quot;background_background&quot;:&quot;classic&quot;}\">\n\t\t\t\t<div class=\"elementor-element elementor-element-085bda9 elementor-view-default elementor-widget elementor-widget-icon\" data-id=\"085bda9\" data-element_type=\"widget\" data-widget_type=\"icon.default\">\n\t\t\t\t\t\t\t<div class=\"elementor-icon-wrapper\">\n\t\t\t<div class=\"elementor-icon\">\n\t\t\t<svg aria-hidden=\"true\" class=\"e-font-icon-svg e-fas-star\" viewBox=\"0 0 576 512\" xmlns=\"http:\/\/www.w3.org\/2000\/svg\"><path d=\"M259.3 17.8L194 150.2 47.9 171.5c-26.2 3.8-36.7 36.1-17.7 54.6l105.7 103-25 145.5c-4.5 26.3 23.2 46 46.4 33.7L288 439.6l130.7 68.7c23.2 12.2 50.9-7.4 46.4-33.7l-25-145.5 105.7-103c19-18.5 8.5-50.8-17.7-54.6L382 150.2 316.7 17.8c-11.7-23.6-45.6-23.9-57.4 0z\"><\/path><\/svg>\t\t\t<\/div>\n\t\t<\/div>\n\t\t\t\t\t\t<\/div>\n\t\t\t\t<div class=\"elementor-element elementor-element-84450e3 elementor-widget elementor-widget-heading\" data-id=\"84450e3\" data-element_type=\"widget\" data-widget_type=\"heading.default\">\n\t\t\t\t\t<h2 class=\"elementor-heading-title elementor-size-default\">Nasze koktajle<\/h2>\t\t\t\t<\/div>\n\t\t\t\t<div class=\"elementor-element elementor-element-22c60cf elementor-widget elementor-widget-text-editor\" data-id=\"22c60cf\" data-element_type=\"widget\" data-widget_type=\"text-editor.default\">\n\t\t\t\t\t\t\t\t\t<p>Oferujemy szeroki wyb\u00f3r oryginalnych koktajli, kt\u00f3re zachwyc\u0105 Twoich go\u015bci. Przygotowujemy je na miejscu, z naj\u015bwie\u017cszych sk\u0142adnik\u00f3w.<\/p>\t\t\t\t\t\t\t\t<\/div>\n\t\t\t\t<div class=\"elementor-element elementor-element-3ec01c8 elementor-widget__width-auto elementor-widget elementor-widget-button\" data-id=\"3ec01c8\" data-element_type=\"widget\" data-widget_type=\"button.default\">\n\t\t\t\t\t\t\t\t\t\t<a class=\"elementor-button elementor-button-link elementor-size-sm\" href=\"#\">\n\t\t\t\t\t\t<span class=\"elementor-button-content-wrapper\">\n\t\t\t\t\t\t\t\t\t<span class=\"elementor-button-text\">Dowiedz si\u0119 wi\u0119cej<\/span>\n\t\t\t\t\t<\/span>\n\t\t\t\t\t<\/a>\n\t\t\t\t\t\t\t\t<\/div>\n\t\t\t\t<\/div>\n\t\t<div class=\"elementor-element elementor-element-aa6a0ca e-con-full e-flex e-con e-child\" data-id=\"aa6a0ca\" data-element_type=\"container\" data-settings=\"{&quot;background_background&quot;:&quot;classic&quot;}\">\n\t\t\t\t<div class=\"elementor-element elementor-element-6535978 elementor-view-default elementor-widget elementor-widget-icon\" data-id=\"6535978\" data-element_type=\"widget\" data-widget_type=\"icon.default\">\n\t\t\t\t\t\t\t<div class=\"elementor-icon-wrapper\">\n\t\t\t<div class=\"elementor-icon\">\n\t\t\t<svg aria-hidden=\"true\" class=\"e-font-icon-svg e-fas-star\" viewBox=\"0 0 576 512\" xmlns=\"http:\/\/www.w3.org\/2000\/svg\"><path d=\"M259.3 17.8L194 150.2 47.9 171.5c-26.2 3.8-36.7 36.1-17.7 54.6l105.7 103-25 145.5c-4.5 26.3 23.2 46 46.4 33.7L288 439.6l130.7 68.7c23.2 12.2 50.9-7.4 46.4-33.7l-25-145.5 105.7-103c19-18.5 8.5-50.8-17.7-54.6L382 150.2 316.7 17.8c-11.7-23.6-45.6-23.9-57.4 0z\"><\/path><\/svg>\t\t\t<\/div>\n\t\t<\/div>\n\t\t\t\t\t\t<\/div>\n\t\t\t\t<div class=\"elementor-element elementor-element-6db6234 elementor-widget elementor-widget-heading\" data-id=\"6db6234\" data-element_type=\"widget\" data-widget_type=\"heading.default\">\n\t\t\t\t\t<h2 class=\"elementor-heading-title elementor-size-default\">Kawa na wynos<\/h2>\t\t\t\t<\/div>\n\t\t\t\t<div class=\"elementor-element elementor-element-0681b01 elementor-widget elementor-widget-text-editor\" data-id=\"0681b01\" data-element_type=\"widget\" data-widget_type=\"text-editor.default\">\n\t\t\t\t\t\t\t\t\t<p>Nasza kawa to prawdziwa przyjemno\u015b\u0107. Serwujemy aromatyczne espresso oraz r\u00f3\u017cnorodne napoje kawowe przygotowane z najwy\u017cszej jako\u015bci ziaren.<\/p>\t\t\t\t\t\t\t\t<\/div>\n\t\t\t\t<div class=\"elementor-element elementor-element-d79dff7 elementor-widget__width-auto elementor-widget elementor-widget-button\" data-id=\"d79dff7\" data-element_type=\"widget\" data-widget_type=\"button.default\">\n\t\t\t\t\t\t\t\t\t\t<a class=\"elementor-button elementor-button-link elementor-size-sm\" href=\"#\">\n\t\t\t\t\t\t<span class=\"elementor-button-content-wrapper\">\n\t\t\t\t\t\t\t\t\t<span class=\"elementor-button-text\">Sprawd\u017a ofert\u0119<\/span>\n\t\t\t\t\t<\/span>\n\t\t\t\t\t<\/a>\n\t\t\t\t\t\t\t\t<\/div>\n\t\t\t\t<\/div>\n\t\t<div class=\"elementor-element elementor-element-e9b38e3 e-con-full e-flex e-con e-child\" data-id=\"e9b38e3\" data-element_type=\"container\" data-settings=\"{&quot;background_background&quot;:&quot;classic&quot;}\">\n\t\t\t\t<div class=\"elementor-element elementor-element-6a29dde elementor-view-default elementor-widget elementor-widget-icon\" data-id=\"6a29dde\" data-element_type=\"widget\" data-widget_type=\"icon.default\">\n\t\t\t\t\t\t\t<div class=\"elementor-icon-wrapper\">\n\t\t\t<div class=\"elementor-icon\">\n\t\t\t<svg aria-hidden=\"true\" class=\"e-font-icon-svg e-fas-star\" viewBox=\"0 0 576 512\" xmlns=\"http:\/\/www.w3.org\/2000\/svg\"><path d=\"M259.3 17.8L194 150.2 47.9 171.5c-26.2 3.8-36.7 36.1-17.7 54.6l105.7 103-25 145.5c-4.5 26.3 23.2 46 46.4 33.7L288 439.6l130.7 68.7c23.2 12.2 50.9-7.4 46.4-33.7l-25-145.5 105.7-103c19-18.5 8.5-50.8-17.7-54.6L382 150.2 316.7 17.8c-11.7-23.6-45.6-23.9-57.4 0z\"><\/path><\/svg>\t\t\t<\/div>\n\t\t<\/div>\n\t\t\t\t\t\t<\/div>\n\t\t\t\t<div class=\"elementor-element elementor-element-fb5476f elementor-widget elementor-widget-heading\" data-id=\"fb5476f\" data-element_type=\"widget\" data-widget_type=\"heading.default\">\n\t\t\t\t\t<h2 class=\"elementor-heading-title elementor-size-default\">Barista na eventy<\/h2>\t\t\t\t<\/div>\n\t\t\t\t<div class=\"elementor-element elementor-element-26791b6 elementor-widget elementor-widget-text-editor\" data-id=\"26791b6\" data-element_type=\"widget\" data-widget_type=\"text-editor.default\">\n\t\t\t\t\t\t\t\t\t<p>Zapewniamy profesjonaln\u0105 obs\u0142ug\u0119 barma\u0144sk\u0105 podczas r\u00f3\u017cnych event\u00f3w. Zadbamy o wyj\u0105tkow\u0105 atmosfer\u0119 oraz smakowe doznania Twoich go\u015bci.<\/p>\t\t\t\t\t\t\t\t<\/div>\n\t\t\t\t<div class=\"elementor-element elementor-element-f827fc4 elementor-widget__width-auto elementor-widget elementor-widget-button\" data-id=\"f827fc4\" data-element_type=\"widget\" data-widget_type=\"button.default\">\n\t\t\t\t\t\t\t\t\t\t<a class=\"elementor-button elementor-button-link elementor-size-sm\" href=\"#\">\n\t\t\t\t\t\t<span class=\"elementor-button-content-wrapper\">\n\t\t\t\t\t\t\t\t\t<span class=\"elementor-button-text\">Chc\u0119 wiedzie\u0107 wi\u0119cej<\/span>\n\t\t\t\t\t<\/span>\n\t\t\t\t\t<\/a>\n\t\t\t\t\t\t\t\t<\/div>\n\t\t\t\t<\/div>\n\t\t<div class=\"elementor-element elementor-element-a07e415 e-con-full e-flex e-con e-child\" data-id=\"a07e415\" data-element_type=\"container\" data-settings=\"{&quot;background_background&quot;:&quot;classic&quot;}\">\n\t\t\t\t<div class=\"elementor-element elementor-element-9880e88 elementor-view-default elementor-widget elementor-widget-icon\" data-id=\"9880e88\" data-element_type=\"widget\" data-widget_type=\"icon.default\">\n\t\t\t\t\t\t\t<div class=\"elementor-icon-wrapper\">\n\t\t\t<div class=\"elementor-icon\">\n\t\t\t<svg aria-hidden=\"true\" class=\"e-font-icon-svg e-fas-star\" viewBox=\"0 0 576 512\" xmlns=\"http:\/\/www.w3.org\/2000\/svg\"><path d=\"M259.3 17.8L194 150.2 47.9 171.5c-26.2 3.8-36.7 36.1-17.7 54.6l105.7 103-25 145.5c-4.5 26.3 23.2 46 46.4 33.7L288 439.6l130.7 68.7c23.2 12.2 50.9-7.4 46.4-33.7l-25-145.5 105.7-103c19-18.5 8.5-50.8-17.7-54.6L382 150.2 316.7 17.8c-11.7-23.6-45.6-23.9-57.4 0z\"><\/path><\/svg>\t\t\t<\/div>\n\t\t<\/div>\n\t\t\t\t\t\t<\/div>\n\t\t\t\t<div class=\"elementor-element elementor-element-9081b75 elementor-widget elementor-widget-heading\" data-id=\"9081b75\" data-element_type=\"widget\" data-widget_type=\"heading.default\">\n\t\t\t\t\t<h2 class=\"elementor-heading-title elementor-size-default\">Koktajlowe warsztaty<\/h2>\t\t\t\t<\/div>\n\t\t\t\t<div class=\"elementor-element elementor-element-4a132e8 elementor-widget elementor-widget-text-editor\" data-id=\"4a132e8\" data-element_type=\"widget\" data-widget_type=\"text-editor.default\">\n\t\t\t\t\t\t\t\t\t<p>Oferujemy warsztaty z przygotowania koktajli, kt\u00f3re \u015bwietnie sprawdz\u0105 si\u0119 podczas integracji zespo\u0142owych lub przyj\u0119\u0107. Ucz si\u0119 od najlepszych!<\/p>\t\t\t\t\t\t\t\t<\/div>\n\t\t\t\t<div class=\"elementor-element elementor-element-4726c53 elementor-widget__width-auto elementor-widget elementor-widget-button\" data-id=\"4726c53\" data-element_type=\"widget\" data-widget_type=\"button.default\">\n\t\t\t\t\t\t\t\t\t\t<a class=\"elementor-button elementor-button-link elementor-size-sm\" href=\"#\">\n\t\t\t\t\t\t<span class=\"elementor-button-content-wrapper\">\n\t\t\t\t\t\t\t\t\t<span class=\"elementor-button-text\">Zapisz si\u0119<\/span>\n\t\t\t\t\t<\/span>\n\t\t\t\t\t<\/a>\n\t\t\t\t\t\t\t\t<\/div>\n\t\t\t\t<\/div>\n\t\t<div class=\"elementor-element elementor-element-024c247 e-con-full e-flex e-con e-child\" data-id=\"024c247\" data-element_type=\"container\" data-settings=\"{&quot;background_background&quot;:&quot;classic&quot;}\">\n\t\t\t\t<div class=\"elementor-element elementor-element-c78ab9a elementor-view-default elementor-widget elementor-widget-icon\" data-id=\"c78ab9a\" data-element_type=\"widget\" data-widget_type=\"icon.default\">\n\t\t\t\t\t\t\t<div class=\"elementor-icon-wrapper\">\n\t\t\t<div class=\"elementor-icon\">\n\t\t\t<svg aria-hidden=\"true\" class=\"e-font-icon-svg e-fas-star\" viewBox=\"0 0 576 512\" xmlns=\"http:\/\/www.w3.org\/2000\/svg\"><path d=\"M259.3 17.8L194 150.2 47.9 171.5c-26.2 3.8-36.7 36.1-17.7 54.6l105.7 103-25 145.5c-4.5 26.3 23.2 46 46.4 33.7L288 439.6l130.7 68.7c23.2 12.2 50.9-7.4 46.4-33.7l-25-145.5 105.7-103c19-18.5 8.5-50.8-17.7-54.6L382 150.2 316.7 17.8c-11.7-23.6-45.6-23.9-57.4 0z\"><\/path><\/svg>\t\t\t<\/div>\n\t\t<\/div>\n\t\t\t\t\t\t<\/div>\n\t\t\t\t<div class=\"elementor-element elementor-element-0be8fb9 elementor-widget elementor-widget-heading\" data-id=\"0be8fb9\" data-element_type=\"widget\" data-widget_type=\"heading.default\">\n\t\t\t\t\t<h2 class=\"elementor-heading-title elementor-size-default\">Imprezy tematyczne<\/h2>\t\t\t\t<\/div>\n\t\t\t\t<div class=\"elementor-element elementor-element-baa6c6e elementor-widget elementor-widget-text-editor\" data-id=\"baa6c6e\" data-element_type=\"widget\" data-widget_type=\"text-editor.default\">\n\t\t\t\t\t\t\t\t\t<p>Nasze eventy tematyczne oferuj\u0105 zr\u00f3\u017cnicowany wyb\u00f3r napoj\u00f3w i atmosfer\u0119 dostosowan\u0105 do konkretnych okazji. Zaskocz swoich go\u015bci!<\/p>\t\t\t\t\t\t\t\t<\/div>\n\t\t\t\t<div class=\"elementor-element elementor-element-1583654 elementor-widget__width-auto elementor-widget elementor-widget-button\" data-id=\"1583654\" data-element_type=\"widget\" data-widget_type=\"button.default\">\n\t\t\t\t\t\t\t\t\t\t<a class=\"elementor-button elementor-button-link elementor-size-sm\" href=\"#\">\n\t\t\t\t\t\t<span class=\"elementor-button-content-wrapper\">\n\t\t\t\t\t\t\t\t\t<span class=\"elementor-button-text\">Zobacz wi\u0119cej<\/span>\n\t\t\t\t\t<\/span>\n\t\t\t\t\t<\/a>\n\t\t\t\t\t\t\t\t<\/div>\n\t\t\t\t<\/div>\n\t\t<div class=\"elementor-element elementor-element-7f3c457 e-con-full e-flex e-con e-child\" data-id=\"7f3c457\" data-element_type=\"container\" data-settings=\"{&quot;background_background&quot;:&quot;classic&quot;}\">\n\t\t\t\t<div class=\"elementor-element elementor-element-07710e0 elementor-view-default elementor-widget elementor-widget-icon\" data-id=\"07710e0\" data-element_type=\"widget\" data-widget_type=\"icon.default\">\n\t\t\t\t\t\t\t<div class=\"elementor-icon-wrapper\">\n\t\t\t<div class=\"elementor-icon\">\n\t\t\t<svg aria-hidden=\"true\" class=\"e-font-icon-svg e-fas-star\" viewBox=\"0 0 576 512\" xmlns=\"http:\/\/www.w3.org\/2000\/svg\"><path d=\"M259.3 17.8L194 150.2 47.9 171.5c-26.2 3.8-36.7 36.1-17.7 54.6l105.7 103-25 145.5c-4.5 26.3 23.2 46 46.4 33.7L288 439.6l130.7 68.7c23.2 12.2 50.9-7.4 46.4-33.7l-25-145.5 105.7-103c19-18.5 8.5-50.8-17.7-54.6L382 150.2 316.7 17.8c-11.7-23.6-45.6-23.9-57.4 0z\"><\/path><\/svg>\t\t\t<\/div>\n\t\t<\/div>\n\t\t\t\t\t\t<\/div>\n\t\t\t\t<div class=\"elementor-element elementor-element-da265b4 elementor-widget elementor-widget-heading\" data-id=\"da265b4\" data-element_type=\"widget\" data-widget_type=\"heading.default\">\n\t\t\t\t\t<h2 class=\"elementor-heading-title elementor-size-default\">Bezalkoholowe napoje<\/h2>\t\t\t\t<\/div>\n\t\t\t\t<div class=\"elementor-element elementor-element-0f8d71a elementor-widget elementor-widget-text-editor\" data-id=\"0f8d71a\" data-element_type=\"widget\" data-widget_type=\"text-editor.default\">\n\t\t\t\t\t\t\t\t\t<p>Nie zapominamy o tych, kt\u00f3rzy preferuj\u0105 bezalkoholowe opcje. Serwujemy soczyste smoothie oraz orze\u017awiaj\u0105ce napoje na ka\u017cdy gust.<\/p>\t\t\t\t\t\t\t\t<\/div>\n\t\t\t\t<div class=\"elementor-element elementor-element-038e85a elementor-widget__width-auto elementor-widget elementor-widget-button\" data-id=\"038e85a\" data-element_type=\"widget\" data-widget_type=\"button.default\">\n\t\t\t\t\t\t\t\t\t\t<a class=\"elementor-button elementor-button-link elementor-size-sm\" href=\"#\">\n\t\t\t\t\t\t<span class=\"elementor-button-content-wrapper\">\n\t\t\t\t\t\t\t\t\t<span class=\"elementor-button-text\">Dowiedz si\u0119 wi\u0119cej<\/span>\n\t\t\t\t\t<\/span>\n\t\t\t\t\t<\/a>\n\t\t\t\t\t\t\t\t<\/div>\n\t\t\t\t<\/div>\n\t\t\t\t\t<\/div>\n\t\t\t\t<\/div>\n\t\t<div class=\"elementor-element elementor-element-2bb4083 e-flex e-con-boxed e-con e-parent\" data-id=\"2bb4083\" data-element_type=\"container\">\n\t\t\t\t\t<div class=\"e-con-inner\">\n\t\t\t\t<div class=\"elementor-element elementor-element-d953af7 elementor-widget elementor-widget-heading\" data-id=\"d953af7\" data-element_type=\"widget\" data-widget_type=\"heading.default\">\n\t\t\t\t\t<h2 class=\"elementor-heading-title elementor-size-default\">Opinie naszych klient\u00f3w<\/h2>\t\t\t\t<\/div>\n\t\t\t\t<div class=\"elementor-element elementor-element-78c2bfd elementor-widget elementor-widget-testimonial-carousel\" data-id=\"78c2bfd\" data-element_type=\"widget\" data-widget_type=\"testimonial-carousel.default\">\n\t\t\t\t<div class=\"elementor-widget-container\">\n\t\t\t\t\t \t\t\t\t<\/div>\n\t\t\t\t<\/div>\n\t\t\t\t\t<\/div>\n\t\t\t\t<\/div>\n\t\t<div class=\"elementor-element elementor-element-7c5f97f e-con-full e-flex e-con e-parent\" data-id=\"7c5f97f\" data-element_type=\"container\">\n\t\t<div class=\"elementor-element elementor-element-6c41baf e-con-full e-flex e-con e-child\" data-id=\"6c41baf\" data-element_type=\"container\" data-settings=\"{&quot;background_background&quot;:&quot;classic&quot;}\">\n\t\t\t\t<\/div>\n\t\t<div class=\"elementor-element elementor-element-f4de51c e-con-full e-flex e-con e-child\" data-id=\"f4de51c\" data-element_type=\"container\">\n\t\t\t\t<div class=\"elementor-element elementor-element-93a0c41 elementor-widget elementor-widget-heading\" data-id=\"93a0c41\" data-element_type=\"widget\" data-widget_type=\"heading.default\">\n\t\t\t\t\t<h1 class=\"elementor-heading-title elementor-size-default\">Skontaktuj si\u0119 z nami i odkryj nasze us\u0142ugi!<\/h1>\t\t\t\t<\/div>\n\t\t\t\t<div class=\"elementor-element elementor-element-4f63b85 elementor-widget__width-initial elementor-widget-mobile__width-inherit elementor-widget elementor-widget-text-editor\" data-id=\"4f63b85\" data-element_type=\"widget\" data-widget_type=\"text-editor.default\">\n\t\t\t\t\t\t\t\t\t<p>Jeste\u015bmy mobilnym barem z drinkami i pyszn\u0105 kaw\u0105. Ch\u0119tnie dopasujemy nasz\u0105 ofert\u0119 do Twoich potrzeb, czy to na przyj\u0119cia, eventy czy inne okazje!<\/p>\t\t\t\t\t\t\t\t<\/div>\n\t\t\t\t<div class=\"elementor-element elementor-element-393e4ef elementor-widget__width-auto elementor-widget elementor-widget-button\" data-id=\"393e4ef\" data-element_type=\"widget\" data-widget_type=\"button.default\">\n\t\t\t\t\t\t\t\t\t\t<a class=\"elementor-button elementor-button-link elementor-size-sm\" href=\"#\">\n\t\t\t\t\t\t<span class=\"elementor-button-content-wrapper\">\n\t\t\t\t\t\t\t\t\t<span class=\"elementor-button-text\">Wy\u015blij zapytanie<\/span>\n\t\t\t\t\t<\/span>\n\t\t\t\t\t<\/a>\n\t\t\t\t\t\t\t\t<\/div>\n\t\t\t\t<\/div>\n\t\t\t\t<\/div>\n\t\t\t\t<\/div>\n\t\t","protected":false},"excerpt":{"rendered":"<p>Odkryj moj\u0105 pasj\u0119 Witaj! Nazywam si\u0119 [Twoje Imi\u0119] i jestem w\u0142a\u015bcicielem mobilnego baru, kt\u00f3ry \u0142\u0105czy w sobie mi\u0142o\u015b\u0107 do wyj\u0105tkowych drink\u00f3w z pasj\u0105 do pysznej kawy. Moja historia zaczyna si\u0119 z ch\u0119ci\u0105 dostarczenia niezapomnianych chwil podczas r\u00f3\u017cnorodnych wydarze\u0144. Nie tylko serwuj\u0119 napoje, ale tworz\u0119 atmosfer\u0119, kt\u00f3ra sprawi, \u017ce ka\u017cdy moment b\u0119dzie wyj\u0105tkowy. Zobacz moje us\u0142ugi [&hellip;]<\/p>\n","protected":false},"author":1,"featured_media":0,"parent":0,"menu_order":0,"comment_status":"closed","ping_status":"closed","template":"","meta":{"footnotes":""},"class_list":["post-10","page","type-page","status-publish","hentry"],"_links":{"self":[{"href":"https:\/\/xn--barmaski-kunszt-0tc.pl\/index.php\/wp-json\/wp\/v2\/pages\/10","targetHints":{"allow":["GET"]}}],"collection":[{"href":"https:\/\/xn--barmaski-kunszt-0tc.pl\/index.php\/wp-json\/wp\/v2\/pages"}],"about":[{"href":"https:\/\/xn--barmaski-kunszt-0tc.pl\/index.php\/wp-json\/wp\/v2\/types\/page"}],"author":[{"embeddable":true,"href":"https:\/\/xn--barmaski-kunszt-0tc.pl\/index.php\/wp-json\/wp\/v2\/users\/1"}],"replies":[{"embeddable":true,"href":"https:\/\/xn--barmaski-kunszt-0tc.pl\/index.php\/wp-json\/wp\/v2\/comments?post=10"}],"version-history":[{"count":1,"href":"https:\/\/xn--barmaski-kunszt-0tc.pl\/index.php\/wp-json\/wp\/v2\/pages\/10\/revisions"}],"predecessor-version":[{"id":31,"href":"https:\/\/xn--barmaski-kunszt-0tc.pl\/index.php\/wp-json\/wp\/v2\/pages\/10\/revisions\/31"}],"wp:attachment":[{"href":"https:\/\/xn--barmaski-kunszt-0tc.pl\/index.php\/wp-json\/wp\/v2\/media?parent=10"}],"curies":[{"name":"wp","href":"https:\/\/api.w.org\/{rel}","templated":true}]}}